{"id":7661,"date":"2015-12-19T20:44:07","date_gmt":"2015-12-19T18:44:07","guid":{"rendered":"https:\/\/www.nala-hotel.at\/it\/bauteil\/"},"modified":"2023-04-09T12:34:37","modified_gmt":"2023-04-09T10:34:37","slug":"bauteil","status":"publish","type":"page","link":"https:\/\/www.nala-hotel.at\/it\/details\/bauteil\/","title":{"rendered":"bauteil"},"content":{"rendered":"<p><strong>Mantenere il fresco: il raffreddamento dei componenti NALA in estate.<\/strong><\/p>\n<p>Non raffreddiamo le nostre stanze tramite un impianto di climatizzazione convenzionale, ma incanaliamo l&#8217;acqua fredda di falda attraverso il pavimento e il soffitto della stanza, raffreddando i rispettivi componenti dell&#8217;edificio. Questo tipo di raffreddamento \u00e8 pi\u00f9 salutare di altri perch\u00e9 evita le sgradevoli correnti d&#8217;aria dell&#8217;aria condizionata. Nel NALA non ci sono problemi di fiuggi, brividi e nemmeno la fastidiosa regolazione del condizionatore d&#8217;aria. La temperatura \u00e8 confortevole e l&#8217;aria ha il giusto grado di umidit\u00e0. Inoltre, il sistema di raffreddamento \u00e8 ecologico perch\u00e9 ricava l&#8217;energia frigorifera dalle acque sotterranee.<\/p>\n<p><strong>Tenersi al caldo &#8211; il sistema di controllo della temperatura dei componenti dell&#8217;edificio NALA in inverno.<\/strong><\/p>\n<p>L&#8217;innovativo sistema di controllo della temperatura dei componenti dell&#8217;edificio funziona anche come sistema di riscaldamento. In inverno, l&#8217;acqua calda passa attraverso il pavimento, le pareti e il soffitto. Il calore che ne deriva \u00e8 piacevolmente accogliente e non troppo secco.<\/p>\n<p>Se desiderate una temperatura pi\u00f9 calda per i giorni freddi o una stanza pi\u00f9 fresca in estate, vi preghiamo di comunicarcelo alla reception.<\/p>\n","protected":false},"excerpt":{"rendered":"Mantenere il fresco: il raffreddamento dei componenti NALA in estate. Non raffreddiamo le nostre stanze tramite un impianto di climatizzazione convenzionale, ma incanaliamo l&#8217;acqua fredda di falda attraverso il pavimento e il soffitto della stanza, raffreddando i rispettivi componenti dell&#8217;edificio. Questo tipo di raffreddamento \u00e8 pi\u00f9 salutare di altri perch\u00e9 evita le sgradevoli correnti d&#8217;aria&#8230; <a class=\"view-article\" href=\"https:\/\/www.nala-hotel.at\/it\/details\/bauteil\/\">Mostra articolo<\/a>","protected":false},"author":2,"featured_media":0,"parent":7672,"menu_order":47,"comment_status":"closed","ping_status":"closed","template":"template-detail.php","meta":{"_acf_changed":false,"footnotes":""},"class_list":["post-7661","page","type-page","status-publish","hentry"],"acf":[],"yoast_head":"<!-- This site is optimized with the Yoast SEO plugin v27.0 - https:\/\/yoast.com\/product\/yoast-seo-wordpress\/ -->\n<title>bauteil - nala individuellhotel! Das neue Stadthotel in Innsbruck<\/title>\n<meta name=\"robots\" content=\"index, follow, max-snippet:-1, max-image-preview:large, max-video-preview:-1\" \/>\n<link rel=\"canonical\" href=\"https:\/\/www.nala-hotel.at\/it\/details\/bauteil\/\" \/>\n<meta property=\"og:locale\" content=\"it_IT\" \/>\n<meta property=\"og:type\" content=\"article\" \/>\n<meta property=\"og:title\" content=\"bauteil - nala individuellhotel! Das neue Stadthotel in Innsbruck\" \/>\n<meta property=\"og:description\" content=\"Mantenere il fresco: il raffreddamento dei componenti NALA in estate. Non raffreddiamo le nostre stanze tramite un impianto di climatizzazione convenzionale, ma incanaliamo l&#8217;acqua fredda di falda attraverso il pavimento e il soffitto della stanza, raffreddando i rispettivi componenti dell&#8217;edificio. Questo tipo di raffreddamento \u00e8 pi\u00f9 salutare di altri perch\u00e9 evita le sgradevoli correnti d&#8217;aria... Mostra articolo\" \/>\n<meta property=\"og:url\" content=\"https:\/\/www.nala-hotel.at\/it\/details\/bauteil\/\" \/>\n<meta property=\"og:site_name\" content=\"nala individuellhotel! Das neue Stadthotel in Innsbruck\" \/>\n<meta property=\"article:publisher\" content=\"https:\/\/www.facebook.com\/NALAhotel\" \/>\n<meta property=\"article:modified_time\" content=\"2023-04-09T10:34:37+00:00\" \/>\n<meta name=\"twitter:label1\" content=\"Tempo di lettura stimato\" \/>\n\t<meta name=\"twitter:data1\" content=\"1 minuto\" \/>\n<script type=\"application\/ld+json\" class=\"yoast-schema-graph\">{\"@context\":\"https:\/\/schema.org\",\"@graph\":[{\"@type\":\"WebPage\",\"@id\":\"https:\/\/www.nala-hotel.at\/it\/details\/bauteil\/\",\"url\":\"https:\/\/www.nala-hotel.at\/it\/details\/bauteil\/\",\"name\":\"bauteil - nala individuellhotel! Das neue Stadthotel in Innsbruck\",\"isPartOf\":{\"@id\":\"https:\/\/www.nala-hotel.at\/#website\"},\"datePublished\":\"2015-12-19T18:44:07+00:00\",\"dateModified\":\"2023-04-09T10:34:37+00:00\",\"breadcrumb\":{\"@id\":\"https:\/\/www.nala-hotel.at\/it\/details\/bauteil\/#breadcrumb\"},\"inLanguage\":\"it-IT\",\"potentialAction\":[{\"@type\":\"ReadAction\",\"target\":[\"https:\/\/www.nala-hotel.at\/it\/details\/bauteil\/\"]}]},{\"@type\":\"BreadcrumbList\",\"@id\":\"https:\/\/www.nala-hotel.at\/it\/details\/bauteil\/#breadcrumb\",\"itemListElement\":[{\"@type\":\"ListItem\",\"position\":1,\"name\":\"Home\",\"item\":\"https:\/\/www.nala-hotel.at\/it\/\"},{\"@type\":\"ListItem\",\"position\":2,\"name\":\"Details\",\"item\":\"https:\/\/www.nala-hotel.at\/it\/details\/\"},{\"@type\":\"ListItem\",\"position\":3,\"name\":\"bauteil\"}]},{\"@type\":\"WebSite\",\"@id\":\"https:\/\/www.nala-hotel.at\/#website\",\"url\":\"https:\/\/www.nala-hotel.at\/\",\"name\":\"nala individuellhotel! Das neue Stadthotel in Innsbruck\",\"description\":\"Das neue nala Hotel individuell vereint Design und Business in Innsbruck, Tirol\",\"potentialAction\":[{\"@type\":\"SearchAction\",\"target\":{\"@type\":\"EntryPoint\",\"urlTemplate\":\"https:\/\/www.nala-hotel.at\/?s={search_term_string}\"},\"query-input\":{\"@type\":\"PropertyValueSpecification\",\"valueRequired\":true,\"valueName\":\"search_term_string\"}}],\"inLanguage\":\"it-IT\"}]}<\/script>\n<!-- \/ Yoast SEO plugin. -->","yoast_head_json":{"title":"bauteil - nala individuellhotel! Das neue Stadthotel in Innsbruck","robots":{"index":"index","follow":"follow","max-snippet":"max-snippet:-1","max-image-preview":"max-image-preview:large","max-video-preview":"max-video-preview:-1"},"canonical":"https:\/\/www.nala-hotel.at\/it\/details\/bauteil\/","og_locale":"it_IT","og_type":"article","og_title":"bauteil - nala individuellhotel! Das neue Stadthotel in Innsbruck","og_description":"Mantenere il fresco: il raffreddamento dei componenti NALA in estate. Non raffreddiamo le nostre stanze tramite un impianto di climatizzazione convenzionale, ma incanaliamo l&#8217;acqua fredda di falda attraverso il pavimento e il soffitto della stanza, raffreddando i rispettivi componenti dell&#8217;edificio. Questo tipo di raffreddamento \u00e8 pi\u00f9 salutare di altri perch\u00e9 evita le sgradevoli correnti d&#8217;aria... Mostra articolo","og_url":"https:\/\/www.nala-hotel.at\/it\/details\/bauteil\/","og_site_name":"nala individuellhotel! Das neue Stadthotel in Innsbruck","article_publisher":"https:\/\/www.facebook.com\/NALAhotel","article_modified_time":"2023-04-09T10:34:37+00:00","twitter_misc":{"Tempo di lettura stimato":"1 minuto"},"schema":{"@context":"https:\/\/schema.org","@graph":[{"@type":"WebPage","@id":"https:\/\/www.nala-hotel.at\/it\/details\/bauteil\/","url":"https:\/\/www.nala-hotel.at\/it\/details\/bauteil\/","name":"bauteil - nala individuellhotel! Das neue Stadthotel in Innsbruck","isPartOf":{"@id":"https:\/\/www.nala-hotel.at\/#website"},"datePublished":"2015-12-19T18:44:07+00:00","dateModified":"2023-04-09T10:34:37+00:00","breadcrumb":{"@id":"https:\/\/www.nala-hotel.at\/it\/details\/bauteil\/#breadcrumb"},"inLanguage":"it-IT","potentialAction":[{"@type":"ReadAction","target":["https:\/\/www.nala-hotel.at\/it\/details\/bauteil\/"]}]},{"@type":"BreadcrumbList","@id":"https:\/\/www.nala-hotel.at\/it\/details\/bauteil\/#breadcrumb","itemListElement":[{"@type":"ListItem","position":1,"name":"Home","item":"https:\/\/www.nala-hotel.at\/it\/"},{"@type":"ListItem","position":2,"name":"Details","item":"https:\/\/www.nala-hotel.at\/it\/details\/"},{"@type":"ListItem","position":3,"name":"bauteil"}]},{"@type":"WebSite","@id":"https:\/\/www.nala-hotel.at\/#website","url":"https:\/\/www.nala-hotel.at\/","name":"nala individuellhotel! Das neue Stadthotel in Innsbruck","description":"Das neue nala Hotel individuell vereint Design und Business in Innsbruck, Tirol","potentialAction":[{"@type":"SearchAction","target":{"@type":"EntryPoint","urlTemplate":"https:\/\/www.nala-hotel.at\/?s={search_term_string}"},"query-input":{"@type":"PropertyValueSpecification","valueRequired":true,"valueName":"search_term_string"}}],"inLanguage":"it-IT"}]}},"_links":{"self":[{"href":"https:\/\/www.nala-hotel.at\/it\/wp-json\/wp\/v2\/pages\/7661","targetHints":{"allow":["GET"]}}],"collection":[{"href":"https:\/\/www.nala-hotel.at\/it\/wp-json\/wp\/v2\/pages"}],"about":[{"href":"https:\/\/www.nala-hotel.at\/it\/wp-json\/wp\/v2\/types\/page"}],"author":[{"embeddable":true,"href":"https:\/\/www.nala-hotel.at\/it\/wp-json\/wp\/v2\/users\/2"}],"replies":[{"embeddable":true,"href":"https:\/\/www.nala-hotel.at\/it\/wp-json\/wp\/v2\/comments?post=7661"}],"version-history":[{"count":4,"href":"https:\/\/www.nala-hotel.at\/it\/wp-json\/wp\/v2\/pages\/7661\/revisions"}],"predecessor-version":[{"id":10060,"href":"https:\/\/www.nala-hotel.at\/it\/wp-json\/wp\/v2\/pages\/7661\/revisions\/10060"}],"up":[{"embeddable":true,"href":"https:\/\/www.nala-hotel.at\/it\/wp-json\/wp\/v2\/pages\/7672"}],"wp:attachment":[{"href":"https:\/\/www.nala-hotel.at\/it\/wp-json\/wp\/v2\/media?parent=7661"}],"curies":[{"name":"wp","href":"https:\/\/api.w.org\/{rel}","templated":true}]}}