{"id":7199,"date":"2016-01-18T13:55:37","date_gmt":"2016-01-18T11:55:37","guid":{"rendered":"https:\/\/www.nala-hotel.at\/it\/ristorante\/fruehstueck-neu\/"},"modified":"2026-02-09T16:59:49","modified_gmt":"2026-02-09T14:59:49","slug":"fruehstueck","status":"publish","type":"page","link":"https:\/\/www.nala-hotel.at\/it\/ristorante\/fruehstueck\/","title":{"rendered":"colazione"},"content":{"rendered":"<p><strong>La colazione NALA: per gente che si distingue<\/strong><\/p>\n<p>Il nostro buffet di colazione si trova al nostro NALA bar &amp; restaurant dalle 06.0 fino alle 11.00 (al prezzo di 19 \u20ac a persona \/ 25 \u20ac ospiti esterni).<\/p>\n<p>Se avete meno tempo a disposizione durante la settimana, potete anche scegliere la nostra &#8220;Piccola colazione&#8221;, con caff\u00e8 o t\u00e8 e croissant o, per chi ama la colazione salata, un panino con salsiccia e\/o formaggio (a 12 \u20ac \/ persona &#8211; dal luned\u00ec al venerd\u00ec; non nei fine settimana).<\/p>\n<p>La Domenica c\u2019\u00e8 sempre la nostra famosa colazione. Con 23 \u20ac a persona (32 \u20ac a ospiti esterni) ci si pu\u00f2 servire del buffet abbondante (dalle 07.00 fino alle 12.00).<\/p>\n<p>La preghiamo di dirci in anticipo via <a href=\"mailto:info@nala-hotel.at\">email<\/a> o telefono (+43 (0) 512 58 4444) quale colazione preferisce.<\/p>\n<p>&nbsp;<\/p>\n","protected":false},"excerpt":{"rendered":"La colazione NALA: per gente che si distingue Il nostro buffet di colazione si trova al nostro NALA bar &amp; restaurant dalle 06.0 fino alle 11.00 (al prezzo di 19 \u20ac a persona \/ 25 \u20ac ospiti esterni). Se avete meno tempo a disposizione durante la settimana, potete anche scegliere la nostra &#8220;Piccola colazione&#8221;, con&#8230; <a class=\"view-article\" href=\"https:\/\/www.nala-hotel.at\/it\/ristorante\/fruehstueck\/\">Mostra articolo<\/a>","protected":false},"author":2,"featured_media":0,"parent":1763,"menu_order":101,"comment_status":"closed","ping_status":"closed","template":"template-detail.php","meta":{"_acf_changed":false,"footnotes":""},"class_list":["post-7199","page","type-page","status-publish","hentry"],"acf":[],"yoast_head":"<!-- This site is optimized with the Yoast SEO plugin v27.0 - https:\/\/yoast.com\/product\/yoast-seo-wordpress\/ -->\n<title>Das NALA-Fr\u00fchst\u00fcck: F\u00fcr G\u00e4ste, die aufstehen.<\/title>\n<meta name=\"description\" content=\"Das Fr\u00fchst\u00fcck ist die wichtigste Mahlzeit am Tag. Genie\u00dfer werden f\u00fcndig in unserem reichhaltigen Fr\u00fchst\u00fccksbuffet. F\u00fcr den kleinen Hunger: Fr\u00fchst\u00fcck to go.\" \/>\n<meta name=\"robots\" content=\"index, follow, max-snippet:-1, max-image-preview:large, max-video-preview:-1\" \/>\n<link rel=\"canonical\" href=\"https:\/\/www.nala-hotel.at\/it\/ristorante\/fruehstueck\/\" \/>\n<meta property=\"og:locale\" content=\"it_IT\" \/>\n<meta property=\"og:type\" content=\"article\" \/>\n<meta property=\"og:title\" content=\"Das NALA-Fr\u00fchst\u00fcck: F\u00fcr G\u00e4ste, die aufstehen.\" \/>\n<meta property=\"og:description\" content=\"Das Fr\u00fchst\u00fcck ist die wichtigste Mahlzeit am Tag. Genie\u00dfer werden f\u00fcndig in unserem reichhaltigen Fr\u00fchst\u00fccksbuffet. F\u00fcr den kleinen Hunger: Fr\u00fchst\u00fcck to go.\" \/>\n<meta property=\"og:url\" content=\"https:\/\/www.nala-hotel.at\/it\/ristorante\/fruehstueck\/\" \/>\n<meta property=\"og:site_name\" content=\"nala individuellhotel! Das neue Stadthotel in Innsbruck\" \/>\n<meta property=\"article:publisher\" content=\"https:\/\/www.facebook.com\/NALAhotel\" \/>\n<meta property=\"article:modified_time\" content=\"2026-02-09T14:59:49+00:00\" \/>\n<meta name=\"twitter:label1\" content=\"Tempo di lettura stimato\" \/>\n\t<meta name=\"twitter:data1\" content=\"1 minuto\" \/>\n<script type=\"application\/ld+json\" class=\"yoast-schema-graph\">{\"@context\":\"https:\/\/schema.org\",\"@graph\":[{\"@type\":\"WebPage\",\"@id\":\"https:\/\/www.nala-hotel.at\/it\/ristorante\/fruehstueck\/\",\"url\":\"https:\/\/www.nala-hotel.at\/it\/ristorante\/fruehstueck\/\",\"name\":\"Das NALA-Fr\u00fchst\u00fcck: F\u00fcr G\u00e4ste, die aufstehen.\",\"isPartOf\":{\"@id\":\"https:\/\/www.nala-hotel.at\/#website\"},\"datePublished\":\"2016-01-18T11:55:37+00:00\",\"dateModified\":\"2026-02-09T14:59:49+00:00\",\"description\":\"Das Fr\u00fchst\u00fcck ist die wichtigste Mahlzeit am Tag. Genie\u00dfer werden f\u00fcndig in unserem reichhaltigen Fr\u00fchst\u00fccksbuffet. F\u00fcr den kleinen Hunger: Fr\u00fchst\u00fcck to go.\",\"breadcrumb\":{\"@id\":\"https:\/\/www.nala-hotel.at\/it\/ristorante\/fruehstueck\/#breadcrumb\"},\"inLanguage\":\"it-IT\",\"potentialAction\":[{\"@type\":\"ReadAction\",\"target\":[\"https:\/\/www.nala-hotel.at\/it\/ristorante\/fruehstueck\/\"]}]},{\"@type\":\"BreadcrumbList\",\"@id\":\"https:\/\/www.nala-hotel.at\/it\/ristorante\/fruehstueck\/#breadcrumb\",\"itemListElement\":[{\"@type\":\"ListItem\",\"position\":1,\"name\":\"Home\",\"item\":\"https:\/\/www.nala-hotel.at\/it\/\"},{\"@type\":\"ListItem\",\"position\":2,\"name\":\"soggiorno\",\"item\":\"https:\/\/www.nala-hotel.at\/it\/ristorante\/\"},{\"@type\":\"ListItem\",\"position\":3,\"name\":\"colazione\"}]},{\"@type\":\"WebSite\",\"@id\":\"https:\/\/www.nala-hotel.at\/#website\",\"url\":\"https:\/\/www.nala-hotel.at\/\",\"name\":\"nala individuellhotel! Das neue Stadthotel in Innsbruck\",\"description\":\"Das neue nala Hotel individuell vereint Design und Business in Innsbruck, Tirol\",\"potentialAction\":[{\"@type\":\"SearchAction\",\"target\":{\"@type\":\"EntryPoint\",\"urlTemplate\":\"https:\/\/www.nala-hotel.at\/?s={search_term_string}\"},\"query-input\":{\"@type\":\"PropertyValueSpecification\",\"valueRequired\":true,\"valueName\":\"search_term_string\"}}],\"inLanguage\":\"it-IT\"}]}<\/script>\n<!-- \/ Yoast SEO plugin. -->","yoast_head_json":{"title":"Das NALA-Fr\u00fchst\u00fcck: F\u00fcr G\u00e4ste, die aufstehen.","description":"Das Fr\u00fchst\u00fcck ist die wichtigste Mahlzeit am Tag. Genie\u00dfer werden f\u00fcndig in unserem reichhaltigen Fr\u00fchst\u00fccksbuffet. F\u00fcr den kleinen Hunger: Fr\u00fchst\u00fcck to go.","robots":{"index":"index","follow":"follow","max-snippet":"max-snippet:-1","max-image-preview":"max-image-preview:large","max-video-preview":"max-video-preview:-1"},"canonical":"https:\/\/www.nala-hotel.at\/it\/ristorante\/fruehstueck\/","og_locale":"it_IT","og_type":"article","og_title":"Das NALA-Fr\u00fchst\u00fcck: F\u00fcr G\u00e4ste, die aufstehen.","og_description":"Das Fr\u00fchst\u00fcck ist die wichtigste Mahlzeit am Tag. Genie\u00dfer werden f\u00fcndig in unserem reichhaltigen Fr\u00fchst\u00fccksbuffet. F\u00fcr den kleinen Hunger: Fr\u00fchst\u00fcck to go.","og_url":"https:\/\/www.nala-hotel.at\/it\/ristorante\/fruehstueck\/","og_site_name":"nala individuellhotel! Das neue Stadthotel in Innsbruck","article_publisher":"https:\/\/www.facebook.com\/NALAhotel","article_modified_time":"2026-02-09T14:59:49+00:00","twitter_misc":{"Tempo di lettura stimato":"1 minuto"},"schema":{"@context":"https:\/\/schema.org","@graph":[{"@type":"WebPage","@id":"https:\/\/www.nala-hotel.at\/it\/ristorante\/fruehstueck\/","url":"https:\/\/www.nala-hotel.at\/it\/ristorante\/fruehstueck\/","name":"Das NALA-Fr\u00fchst\u00fcck: F\u00fcr G\u00e4ste, die aufstehen.","isPartOf":{"@id":"https:\/\/www.nala-hotel.at\/#website"},"datePublished":"2016-01-18T11:55:37+00:00","dateModified":"2026-02-09T14:59:49+00:00","description":"Das Fr\u00fchst\u00fcck ist die wichtigste Mahlzeit am Tag. Genie\u00dfer werden f\u00fcndig in unserem reichhaltigen Fr\u00fchst\u00fccksbuffet. F\u00fcr den kleinen Hunger: Fr\u00fchst\u00fcck to go.","breadcrumb":{"@id":"https:\/\/www.nala-hotel.at\/it\/ristorante\/fruehstueck\/#breadcrumb"},"inLanguage":"it-IT","potentialAction":[{"@type":"ReadAction","target":["https:\/\/www.nala-hotel.at\/it\/ristorante\/fruehstueck\/"]}]},{"@type":"BreadcrumbList","@id":"https:\/\/www.nala-hotel.at\/it\/ristorante\/fruehstueck\/#breadcrumb","itemListElement":[{"@type":"ListItem","position":1,"name":"Home","item":"https:\/\/www.nala-hotel.at\/it\/"},{"@type":"ListItem","position":2,"name":"soggiorno","item":"https:\/\/www.nala-hotel.at\/it\/ristorante\/"},{"@type":"ListItem","position":3,"name":"colazione"}]},{"@type":"WebSite","@id":"https:\/\/www.nala-hotel.at\/#website","url":"https:\/\/www.nala-hotel.at\/","name":"nala individuellhotel! Das neue Stadthotel in Innsbruck","description":"Das neue nala Hotel individuell vereint Design und Business in Innsbruck, Tirol","potentialAction":[{"@type":"SearchAction","target":{"@type":"EntryPoint","urlTemplate":"https:\/\/www.nala-hotel.at\/?s={search_term_string}"},"query-input":{"@type":"PropertyValueSpecification","valueRequired":true,"valueName":"search_term_string"}}],"inLanguage":"it-IT"}]}},"_links":{"self":[{"href":"https:\/\/www.nala-hotel.at\/it\/wp-json\/wp\/v2\/pages\/7199","targetHints":{"allow":["GET"]}}],"collection":[{"href":"https:\/\/www.nala-hotel.at\/it\/wp-json\/wp\/v2\/pages"}],"about":[{"href":"https:\/\/www.nala-hotel.at\/it\/wp-json\/wp\/v2\/types\/page"}],"author":[{"embeddable":true,"href":"https:\/\/www.nala-hotel.at\/it\/wp-json\/wp\/v2\/users\/2"}],"replies":[{"embeddable":true,"href":"https:\/\/www.nala-hotel.at\/it\/wp-json\/wp\/v2\/comments?post=7199"}],"version-history":[{"count":24,"href":"https:\/\/www.nala-hotel.at\/it\/wp-json\/wp\/v2\/pages\/7199\/revisions"}],"predecessor-version":[{"id":11298,"href":"https:\/\/www.nala-hotel.at\/it\/wp-json\/wp\/v2\/pages\/7199\/revisions\/11298"}],"up":[{"embeddable":true,"href":"https:\/\/www.nala-hotel.at\/it\/wp-json\/wp\/v2\/pages\/1763"}],"wp:attachment":[{"href":"https:\/\/www.nala-hotel.at\/it\/wp-json\/wp\/v2\/media?parent=7199"}],"curies":[{"name":"wp","href":"https:\/\/api.w.org\/{rel}","templated":true}]}}