{"id":10301,"date":"2015-11-30T16:04:49","date_gmt":"2015-11-30T14:04:49","guid":{"rendered":"https:\/\/www.nala-hotel.at\/details\/raucher-im-nala\/"},"modified":"2023-04-29T09:38:42","modified_gmt":"2023-04-29T07:38:42","slug":"raucher-im-nala","status":"publish","type":"page","link":"https:\/\/www.nala-hotel.at\/it\/details\/raucher-im-nala\/","title":{"rendered":"Raucher im Nala"},"content":{"rendered":"<p><strong>Segnali di fumo: i posacenere pi\u00f9 belli in assoluto.<\/strong><\/p>\n<p>Affinch\u00e9 il fumo non venga completamente dimenticato, abbiamo dotato i nostri balconi di bellissimi posacenere. \u00c8 possibile fumare indisturbati (e senza disturbare gli altri) anche in giardino e sulla terrazza sul tetto.<\/p>\n<p>Il giornalista Benedikt Sarreiter ha testato il <a href=\"https:\/\/www.zeit.de\/zustimmung?url=https%3A%2F%2Fwww.zeit.de%2F2015%2F34%2Finnsbruck-hotel-nala-gold\">Nala per &#8220;DIE ZEIT<\/a>&#8221; ed \u00e8 rimasto colpito dall&#8217;approccio rilassato al fumo: &#8220;Il Nala cambia la tua percezione. E questo non \u00e8 l&#8217;aspetto peggiore. Per quanto riguarda il fumo, ad esempio, ci sono piccole scatole aperte sulle ringhiere dei balconi e delle terrazze, nelle quali sono pronti i posacenere. Ad Armin Kathan, l&#8217;architetto del Nala, piace fumare. Da qui la sua offerta: fumate se volete! Io, fumatore occasionale senza dipendenza, lo seguo immediatamente, compro un pacchetto e mi sdraio sull&#8217;amaca del mio balcone. Sbuffo, sospiro soddisfatto e penso qualcosa del tipo: &#8220;\u00c8 bello che le piccole debolezze delle persone non siano escluse qui, ma accolte!<\/p>\n","protected":false},"excerpt":{"rendered":"Segnali di fumo: i posacenere pi\u00f9 belli in assoluto. Affinch\u00e9 il fumo non venga completamente dimenticato, abbiamo dotato i nostri balconi di bellissimi posacenere. \u00c8 possibile fumare indisturbati (e senza disturbare gli altri) anche in giardino e sulla terrazza sul tetto. Il giornalista Benedikt Sarreiter ha testato il Nala per &#8220;DIE ZEIT&#8221; ed \u00e8 rimasto&#8230; <a class=\"view-article\" href=\"https:\/\/www.nala-hotel.at\/it\/details\/raucher-im-nala\/\">Mostra articolo<\/a>","protected":false},"author":2,"featured_media":0,"parent":7672,"menu_order":78,"comment_status":"closed","ping_status":"closed","template":"template-detail.php","meta":{"_acf_changed":false,"footnotes":""},"class_list":["post-10301","page","type-page","status-publish","hentry"],"acf":[],"yoast_head":"<!-- This site is optimized with the Yoast SEO plugin v27.0 - https:\/\/yoast.com\/product\/yoast-seo-wordpress\/ -->\n<title>Raucher im Nala - nala individuellhotel! Das neue Stadthotel in Innsbruck<\/title>\n<meta name=\"robots\" content=\"index, follow, max-snippet:-1, max-image-preview:large, max-video-preview:-1\" \/>\n<link rel=\"canonical\" href=\"https:\/\/www.nala-hotel.at\/it\/details\/raucher-im-nala\/\" \/>\n<meta property=\"og:locale\" content=\"it_IT\" \/>\n<meta property=\"og:type\" content=\"article\" \/>\n<meta property=\"og:title\" content=\"Raucher im Nala - nala individuellhotel! Das neue Stadthotel in Innsbruck\" \/>\n<meta property=\"og:description\" content=\"Segnali di fumo: i posacenere pi\u00f9 belli in assoluto. Affinch\u00e9 il fumo non venga completamente dimenticato, abbiamo dotato i nostri balconi di bellissimi posacenere. \u00c8 possibile fumare indisturbati (e senza disturbare gli altri) anche in giardino e sulla terrazza sul tetto. Il giornalista Benedikt Sarreiter ha testato il Nala per &#8220;DIE ZEIT&#8221; ed \u00e8 rimasto... Mostra articolo\" \/>\n<meta property=\"og:url\" content=\"https:\/\/www.nala-hotel.at\/it\/details\/raucher-im-nala\/\" \/>\n<meta property=\"og:site_name\" content=\"nala individuellhotel! Das neue Stadthotel in Innsbruck\" \/>\n<meta property=\"article:publisher\" content=\"https:\/\/www.facebook.com\/NALAhotel\" \/>\n<meta property=\"article:modified_time\" content=\"2023-04-29T07:38:42+00:00\" \/>\n<meta name=\"twitter:label1\" content=\"Tempo di lettura stimato\" \/>\n\t<meta name=\"twitter:data1\" content=\"1 minuto\" \/>\n<script type=\"application\/ld+json\" class=\"yoast-schema-graph\">{\"@context\":\"https:\/\/schema.org\",\"@graph\":[{\"@type\":\"WebPage\",\"@id\":\"https:\/\/www.nala-hotel.at\/it\/details\/raucher-im-nala\/\",\"url\":\"https:\/\/www.nala-hotel.at\/it\/details\/raucher-im-nala\/\",\"name\":\"Raucher im Nala - nala individuellhotel! Das neue Stadthotel in Innsbruck\",\"isPartOf\":{\"@id\":\"https:\/\/www.nala-hotel.at\/#website\"},\"datePublished\":\"2015-11-30T14:04:49+00:00\",\"dateModified\":\"2023-04-29T07:38:42+00:00\",\"breadcrumb\":{\"@id\":\"https:\/\/www.nala-hotel.at\/it\/details\/raucher-im-nala\/#breadcrumb\"},\"inLanguage\":\"it-IT\",\"potentialAction\":[{\"@type\":\"ReadAction\",\"target\":[\"https:\/\/www.nala-hotel.at\/it\/details\/raucher-im-nala\/\"]}]},{\"@type\":\"BreadcrumbList\",\"@id\":\"https:\/\/www.nala-hotel.at\/it\/details\/raucher-im-nala\/#breadcrumb\",\"itemListElement\":[{\"@type\":\"ListItem\",\"position\":1,\"name\":\"Home\",\"item\":\"https:\/\/www.nala-hotel.at\/it\/\"},{\"@type\":\"ListItem\",\"position\":2,\"name\":\"Details\",\"item\":\"https:\/\/www.nala-hotel.at\/it\/details\/\"},{\"@type\":\"ListItem\",\"position\":3,\"name\":\"Raucher im Nala\"}]},{\"@type\":\"WebSite\",\"@id\":\"https:\/\/www.nala-hotel.at\/#website\",\"url\":\"https:\/\/www.nala-hotel.at\/\",\"name\":\"nala individuellhotel! Das neue Stadthotel in Innsbruck\",\"description\":\"Das neue nala Hotel individuell vereint Design und Business in Innsbruck, Tirol\",\"potentialAction\":[{\"@type\":\"SearchAction\",\"target\":{\"@type\":\"EntryPoint\",\"urlTemplate\":\"https:\/\/www.nala-hotel.at\/?s={search_term_string}\"},\"query-input\":{\"@type\":\"PropertyValueSpecification\",\"valueRequired\":true,\"valueName\":\"search_term_string\"}}],\"inLanguage\":\"it-IT\"}]}<\/script>\n<!-- \/ Yoast SEO plugin. -->","yoast_head_json":{"title":"Raucher im Nala - nala individuellhotel! Das neue Stadthotel in Innsbruck","robots":{"index":"index","follow":"follow","max-snippet":"max-snippet:-1","max-image-preview":"max-image-preview:large","max-video-preview":"max-video-preview:-1"},"canonical":"https:\/\/www.nala-hotel.at\/it\/details\/raucher-im-nala\/","og_locale":"it_IT","og_type":"article","og_title":"Raucher im Nala - nala individuellhotel! Das neue Stadthotel in Innsbruck","og_description":"Segnali di fumo: i posacenere pi\u00f9 belli in assoluto. Affinch\u00e9 il fumo non venga completamente dimenticato, abbiamo dotato i nostri balconi di bellissimi posacenere. \u00c8 possibile fumare indisturbati (e senza disturbare gli altri) anche in giardino e sulla terrazza sul tetto. Il giornalista Benedikt Sarreiter ha testato il Nala per &#8220;DIE ZEIT&#8221; ed \u00e8 rimasto... Mostra articolo","og_url":"https:\/\/www.nala-hotel.at\/it\/details\/raucher-im-nala\/","og_site_name":"nala individuellhotel! Das neue Stadthotel in Innsbruck","article_publisher":"https:\/\/www.facebook.com\/NALAhotel","article_modified_time":"2023-04-29T07:38:42+00:00","twitter_misc":{"Tempo di lettura stimato":"1 minuto"},"schema":{"@context":"https:\/\/schema.org","@graph":[{"@type":"WebPage","@id":"https:\/\/www.nala-hotel.at\/it\/details\/raucher-im-nala\/","url":"https:\/\/www.nala-hotel.at\/it\/details\/raucher-im-nala\/","name":"Raucher im Nala - nala individuellhotel! Das neue Stadthotel in Innsbruck","isPartOf":{"@id":"https:\/\/www.nala-hotel.at\/#website"},"datePublished":"2015-11-30T14:04:49+00:00","dateModified":"2023-04-29T07:38:42+00:00","breadcrumb":{"@id":"https:\/\/www.nala-hotel.at\/it\/details\/raucher-im-nala\/#breadcrumb"},"inLanguage":"it-IT","potentialAction":[{"@type":"ReadAction","target":["https:\/\/www.nala-hotel.at\/it\/details\/raucher-im-nala\/"]}]},{"@type":"BreadcrumbList","@id":"https:\/\/www.nala-hotel.at\/it\/details\/raucher-im-nala\/#breadcrumb","itemListElement":[{"@type":"ListItem","position":1,"name":"Home","item":"https:\/\/www.nala-hotel.at\/it\/"},{"@type":"ListItem","position":2,"name":"Details","item":"https:\/\/www.nala-hotel.at\/it\/details\/"},{"@type":"ListItem","position":3,"name":"Raucher im Nala"}]},{"@type":"WebSite","@id":"https:\/\/www.nala-hotel.at\/#website","url":"https:\/\/www.nala-hotel.at\/","name":"nala individuellhotel! Das neue Stadthotel in Innsbruck","description":"Das neue nala Hotel individuell vereint Design und Business in Innsbruck, Tirol","potentialAction":[{"@type":"SearchAction","target":{"@type":"EntryPoint","urlTemplate":"https:\/\/www.nala-hotel.at\/?s={search_term_string}"},"query-input":{"@type":"PropertyValueSpecification","valueRequired":true,"valueName":"search_term_string"}}],"inLanguage":"it-IT"}]}},"_links":{"self":[{"href":"https:\/\/www.nala-hotel.at\/it\/wp-json\/wp\/v2\/pages\/10301","targetHints":{"allow":["GET"]}}],"collection":[{"href":"https:\/\/www.nala-hotel.at\/it\/wp-json\/wp\/v2\/pages"}],"about":[{"href":"https:\/\/www.nala-hotel.at\/it\/wp-json\/wp\/v2\/types\/page"}],"author":[{"embeddable":true,"href":"https:\/\/www.nala-hotel.at\/it\/wp-json\/wp\/v2\/users\/2"}],"replies":[{"embeddable":true,"href":"https:\/\/www.nala-hotel.at\/it\/wp-json\/wp\/v2\/comments?post=10301"}],"version-history":[{"count":2,"href":"https:\/\/www.nala-hotel.at\/it\/wp-json\/wp\/v2\/pages\/10301\/revisions"}],"predecessor-version":[{"id":10540,"href":"https:\/\/www.nala-hotel.at\/it\/wp-json\/wp\/v2\/pages\/10301\/revisions\/10540"}],"up":[{"embeddable":true,"href":"https:\/\/www.nala-hotel.at\/it\/wp-json\/wp\/v2\/pages\/7672"}],"wp:attachment":[{"href":"https:\/\/www.nala-hotel.at\/it\/wp-json\/wp\/v2\/media?parent=10301"}],"curies":[{"name":"wp","href":"https:\/\/api.w.org\/{rel}","templated":true}]}}