{"id":10283,"date":"2015-12-07T19:47:37","date_gmt":"2015-12-07T17:47:37","guid":{"rendered":"https:\/\/www.nala-hotel.at\/details\/geschichte-des-nala\/"},"modified":"2023-04-22T12:47:35","modified_gmt":"2023-04-22T10:47:35","slug":"geschichte-des-nala","status":"publish","type":"page","link":"https:\/\/www.nala-hotel.at\/it\/details\/geschichte-des-nala\/","title":{"rendered":"Storia del Nala"},"content":{"rendered":"<p><strong>La storia del Nala<\/strong><\/p>\n<p>Il Nala si trova all&#8217;incrocio tra M\u00fcllerstra\u00dfe e Glasmalereistra\u00dfe, nel quartiere Wilten di Innsbruck. Il quartiere attorno all&#8217;ex fabbrica di vetrate \u00e8 situato in posizione centrale e tranquilla. \u00c8 la posizione ideale per un hotel urbano.<\/p>\n<p>Intorno all&#8217;inizio del secolo, la casa M\u00fcllerstra\u00dfe 15 era un edificio residenziale e commerciale, distrutto da una bomba durante la Seconda Guerra Mondiale. Dopo la guerra, la casa fu ricostruita dai nuovi proprietari, la famiglia Rizzi, in collaborazione con gli architetti tirolesi Ernst Hiesmayr e Otto Gruber. Da quel momento in poi, la casa port\u00f2 il nome di &#8220;Hotel Mozart&#8221;.<\/p>\n<p>Alla fine degli anni Cinquanta, l&#8217;architetto Haselwanter esegu\u00ec altri piccoli lavori di ristrutturazione, come l&#8217;installazione di un ascensore e la ricostruzione della scala. Negli anni &#8217;70 fu ampliata l&#8217;ala che si affaccia sul cortile. In seguito, fino al 2013, non ci sono stati altri interventi di ristrutturazione.<\/p>\n<p>Quando Armin Ennemoser e il Dr. Martin Baldauf hanno rilevato l&#8217;Hotel Mozart nel 2013, si trattava di una vecchia casa da ristrutturare, afflitta dal fascino e dalla polvere tipici degli anni Settanta.<\/p>\n<p>Nel 2013, il team di architetti Armin Kathan, Bernd Ludin, Ferdinand Reiter e Martin Both si \u00e8 aggiudicato l&#8217;impegnativo contratto per la nuova costruzione e la ristrutturazione. Gli architetti hanno sviluppato un&#8217;architettura alberghiera contemporanea e innovativa. La vecchia struttura \u00e8 stata deliberatamente conservata e ampliata di due piani. Attraverso aperture, ridisegno e aggiunta di piani, \u00e8 stato creato un hotel completamente nuovo.<\/p>\n<p>Le 57 camere hanno una struttura piuttosto piccola ai piani inferiori e sono spaziose ed estese ai piani superiori. Molti artigiani, artisti e designer sono stati coinvolti nella progettazione degli interni, dell&#8217;illuminazione, dell&#8217;arredamento e del corporate design. Grazie al contributo di molti, il Nala \u00e8 diventato quello che \u00e8 oggi: una casa dal carattere idiosincratico, sensuale e vario.<\/p>\n<p>NALA \u00e8 aperta da settembre 2014.<\/p>\n","protected":false},"excerpt":{"rendered":"La storia del Nala Il Nala si trova all&#8217;incrocio tra M\u00fcllerstra\u00dfe e Glasmalereistra\u00dfe, nel quartiere Wilten di Innsbruck. Il quartiere attorno all&#8217;ex fabbrica di vetrate \u00e8 situato in posizione centrale e tranquilla. \u00c8 la posizione ideale per un hotel urbano. Intorno all&#8217;inizio del secolo, la casa M\u00fcllerstra\u00dfe 15 era un edificio residenziale e commerciale, distrutto&#8230; <a class=\"view-article\" href=\"https:\/\/www.nala-hotel.at\/it\/details\/geschichte-des-nala\/\">Mostra articolo<\/a>","protected":false},"author":2,"featured_media":0,"parent":7672,"menu_order":65,"comment_status":"closed","ping_status":"closed","template":"template-detail-2.php","meta":{"_acf_changed":false,"footnotes":""},"class_list":["post-10283","page","type-page","status-publish","hentry"],"acf":[],"yoast_head":"<!-- This site is optimized with the Yoast SEO plugin v27.0 - https:\/\/yoast.com\/product\/yoast-seo-wordpress\/ -->\n<title>Storia del Nala - nala individuellhotel! Das neue Stadthotel in Innsbruck<\/title>\n<meta name=\"robots\" content=\"index, follow, max-snippet:-1, max-image-preview:large, max-video-preview:-1\" \/>\n<link rel=\"canonical\" href=\"https:\/\/www.nala-hotel.at\/it\/details\/geschichte-des-nala\/\" \/>\n<meta property=\"og:locale\" content=\"it_IT\" \/>\n<meta property=\"og:type\" content=\"article\" \/>\n<meta property=\"og:title\" content=\"Storia del Nala - nala individuellhotel! Das neue Stadthotel in Innsbruck\" \/>\n<meta property=\"og:description\" content=\"La storia del Nala Il Nala si trova all&#8217;incrocio tra M\u00fcllerstra\u00dfe e Glasmalereistra\u00dfe, nel quartiere Wilten di Innsbruck. Il quartiere attorno all&#8217;ex fabbrica di vetrate \u00e8 situato in posizione centrale e tranquilla. \u00c8 la posizione ideale per un hotel urbano. Intorno all&#8217;inizio del secolo, la casa M\u00fcllerstra\u00dfe 15 era un edificio residenziale e commerciale, distrutto... Mostra articolo\" \/>\n<meta property=\"og:url\" content=\"https:\/\/www.nala-hotel.at\/it\/details\/geschichte-des-nala\/\" \/>\n<meta property=\"og:site_name\" content=\"nala individuellhotel! Das neue Stadthotel in Innsbruck\" \/>\n<meta property=\"article:publisher\" content=\"https:\/\/www.facebook.com\/NALAhotel\" \/>\n<meta property=\"article:modified_time\" content=\"2023-04-22T10:47:35+00:00\" \/>\n<meta name=\"twitter:label1\" content=\"Tempo di lettura stimato\" \/>\n\t<meta name=\"twitter:data1\" content=\"2 minuti\" \/>\n<script type=\"application\/ld+json\" class=\"yoast-schema-graph\">{\"@context\":\"https:\/\/schema.org\",\"@graph\":[{\"@type\":\"WebPage\",\"@id\":\"https:\/\/www.nala-hotel.at\/it\/details\/geschichte-des-nala\/\",\"url\":\"https:\/\/www.nala-hotel.at\/it\/details\/geschichte-des-nala\/\",\"name\":\"Storia del Nala - nala individuellhotel! Das neue Stadthotel in Innsbruck\",\"isPartOf\":{\"@id\":\"https:\/\/www.nala-hotel.at\/#website\"},\"datePublished\":\"2015-12-07T17:47:37+00:00\",\"dateModified\":\"2023-04-22T10:47:35+00:00\",\"breadcrumb\":{\"@id\":\"https:\/\/www.nala-hotel.at\/it\/details\/geschichte-des-nala\/#breadcrumb\"},\"inLanguage\":\"it-IT\",\"potentialAction\":[{\"@type\":\"ReadAction\",\"target\":[\"https:\/\/www.nala-hotel.at\/it\/details\/geschichte-des-nala\/\"]}]},{\"@type\":\"BreadcrumbList\",\"@id\":\"https:\/\/www.nala-hotel.at\/it\/details\/geschichte-des-nala\/#breadcrumb\",\"itemListElement\":[{\"@type\":\"ListItem\",\"position\":1,\"name\":\"Home\",\"item\":\"https:\/\/www.nala-hotel.at\/it\/\"},{\"@type\":\"ListItem\",\"position\":2,\"name\":\"Details\",\"item\":\"https:\/\/www.nala-hotel.at\/it\/details\/\"},{\"@type\":\"ListItem\",\"position\":3,\"name\":\"Storia del Nala\"}]},{\"@type\":\"WebSite\",\"@id\":\"https:\/\/www.nala-hotel.at\/#website\",\"url\":\"https:\/\/www.nala-hotel.at\/\",\"name\":\"nala individuellhotel! Das neue Stadthotel in Innsbruck\",\"description\":\"Das neue nala Hotel individuell vereint Design und Business in Innsbruck, Tirol\",\"potentialAction\":[{\"@type\":\"SearchAction\",\"target\":{\"@type\":\"EntryPoint\",\"urlTemplate\":\"https:\/\/www.nala-hotel.at\/?s={search_term_string}\"},\"query-input\":{\"@type\":\"PropertyValueSpecification\",\"valueRequired\":true,\"valueName\":\"search_term_string\"}}],\"inLanguage\":\"it-IT\"}]}<\/script>\n<!-- \/ Yoast SEO plugin. -->","yoast_head_json":{"title":"Storia del Nala - nala individuellhotel! Das neue Stadthotel in Innsbruck","robots":{"index":"index","follow":"follow","max-snippet":"max-snippet:-1","max-image-preview":"max-image-preview:large","max-video-preview":"max-video-preview:-1"},"canonical":"https:\/\/www.nala-hotel.at\/it\/details\/geschichte-des-nala\/","og_locale":"it_IT","og_type":"article","og_title":"Storia del Nala - nala individuellhotel! Das neue Stadthotel in Innsbruck","og_description":"La storia del Nala Il Nala si trova all&#8217;incrocio tra M\u00fcllerstra\u00dfe e Glasmalereistra\u00dfe, nel quartiere Wilten di Innsbruck. Il quartiere attorno all&#8217;ex fabbrica di vetrate \u00e8 situato in posizione centrale e tranquilla. \u00c8 la posizione ideale per un hotel urbano. Intorno all&#8217;inizio del secolo, la casa M\u00fcllerstra\u00dfe 15 era un edificio residenziale e commerciale, distrutto... Mostra articolo","og_url":"https:\/\/www.nala-hotel.at\/it\/details\/geschichte-des-nala\/","og_site_name":"nala individuellhotel! Das neue Stadthotel in Innsbruck","article_publisher":"https:\/\/www.facebook.com\/NALAhotel","article_modified_time":"2023-04-22T10:47:35+00:00","twitter_misc":{"Tempo di lettura stimato":"2 minuti"},"schema":{"@context":"https:\/\/schema.org","@graph":[{"@type":"WebPage","@id":"https:\/\/www.nala-hotel.at\/it\/details\/geschichte-des-nala\/","url":"https:\/\/www.nala-hotel.at\/it\/details\/geschichte-des-nala\/","name":"Storia del Nala - nala individuellhotel! Das neue Stadthotel in Innsbruck","isPartOf":{"@id":"https:\/\/www.nala-hotel.at\/#website"},"datePublished":"2015-12-07T17:47:37+00:00","dateModified":"2023-04-22T10:47:35+00:00","breadcrumb":{"@id":"https:\/\/www.nala-hotel.at\/it\/details\/geschichte-des-nala\/#breadcrumb"},"inLanguage":"it-IT","potentialAction":[{"@type":"ReadAction","target":["https:\/\/www.nala-hotel.at\/it\/details\/geschichte-des-nala\/"]}]},{"@type":"BreadcrumbList","@id":"https:\/\/www.nala-hotel.at\/it\/details\/geschichte-des-nala\/#breadcrumb","itemListElement":[{"@type":"ListItem","position":1,"name":"Home","item":"https:\/\/www.nala-hotel.at\/it\/"},{"@type":"ListItem","position":2,"name":"Details","item":"https:\/\/www.nala-hotel.at\/it\/details\/"},{"@type":"ListItem","position":3,"name":"Storia del Nala"}]},{"@type":"WebSite","@id":"https:\/\/www.nala-hotel.at\/#website","url":"https:\/\/www.nala-hotel.at\/","name":"nala individuellhotel! Das neue Stadthotel in Innsbruck","description":"Das neue nala Hotel individuell vereint Design und Business in Innsbruck, Tirol","potentialAction":[{"@type":"SearchAction","target":{"@type":"EntryPoint","urlTemplate":"https:\/\/www.nala-hotel.at\/?s={search_term_string}"},"query-input":{"@type":"PropertyValueSpecification","valueRequired":true,"valueName":"search_term_string"}}],"inLanguage":"it-IT"}]}},"_links":{"self":[{"href":"https:\/\/www.nala-hotel.at\/it\/wp-json\/wp\/v2\/pages\/10283","targetHints":{"allow":["GET"]}}],"collection":[{"href":"https:\/\/www.nala-hotel.at\/it\/wp-json\/wp\/v2\/pages"}],"about":[{"href":"https:\/\/www.nala-hotel.at\/it\/wp-json\/wp\/v2\/types\/page"}],"author":[{"embeddable":true,"href":"https:\/\/www.nala-hotel.at\/it\/wp-json\/wp\/v2\/users\/2"}],"replies":[{"embeddable":true,"href":"https:\/\/www.nala-hotel.at\/it\/wp-json\/wp\/v2\/comments?post=10283"}],"version-history":[{"count":2,"href":"https:\/\/www.nala-hotel.at\/it\/wp-json\/wp\/v2\/pages\/10283\/revisions"}],"predecessor-version":[{"id":10285,"href":"https:\/\/www.nala-hotel.at\/it\/wp-json\/wp\/v2\/pages\/10283\/revisions\/10285"}],"up":[{"embeddable":true,"href":"https:\/\/www.nala-hotel.at\/it\/wp-json\/wp\/v2\/pages\/7672"}],"wp:attachment":[{"href":"https:\/\/www.nala-hotel.at\/it\/wp-json\/wp\/v2\/media?parent=10283"}],"curies":[{"name":"wp","href":"https:\/\/api.w.org\/{rel}","templated":true}]}}