{"id":10279,"date":"2015-11-14T17:40:08","date_gmt":"2015-11-14T15:40:08","guid":{"rendered":"https:\/\/www.nala-hotel.at\/details\/geniessen-sie-den-moment\/"},"modified":"2023-04-22T12:44:45","modified_gmt":"2023-04-22T10:44:45","slug":"geniessen-sie-den-moment","status":"publish","type":"page","link":"https:\/\/www.nala-hotel.at\/it\/details\/geniessen-sie-den-moment\/","title":{"rendered":"Godetevi il momento"},"content":{"rendered":"<p><strong>Godetevi il momento. O anche un po&#8217; di pi\u00f9.<\/strong><\/p>\n<p>Forse anche voi trovate che il tempo scorra sempre pi\u00f9 velocemente&#8230; allora NALA vi offre la provata opportunit\u00e0 di fermarvi un attimo.<br \/>\nPerch\u00e9 in luoghi come questo siamo attratti dal piacere.<\/p>\n<p>Trovate il vostro posto preferito. Sul balcone della vostra camera, sulla terrazza sul tetto con vista sulle montagne a sud o con della buona musica nella sala di lettura. Poi ordinate il nostro champagne cooler. E godetevi la vita, da soli o in due o tre.<\/p>\n<p>A proposito, Martin Baldauf ha scelto e provato personalmente il refrigeratore per champagne.<br \/>\nVedrete che funziona.<\/p>\n<p>&nbsp;<\/p>\n<p>&nbsp;<\/p>\n","protected":false},"excerpt":{"rendered":"Godetevi il momento. O anche un po&#8217; di pi\u00f9. Forse anche voi trovate che il tempo scorra sempre pi\u00f9 velocemente&#8230; allora NALA vi offre la provata opportunit\u00e0 di fermarvi un attimo. Perch\u00e9 in luoghi come questo siamo attratti dal piacere. Trovate il vostro posto preferito. Sul balcone della vostra camera, sulla terrazza sul tetto con&#8230; <a class=\"view-article\" href=\"https:\/\/www.nala-hotel.at\/it\/details\/geniessen-sie-den-moment\/\">Mostra articolo<\/a>","protected":false},"author":2,"featured_media":0,"parent":7672,"menu_order":62,"comment_status":"closed","ping_status":"closed","template":"template-detail.php","meta":{"_acf_changed":false,"footnotes":""},"class_list":["post-10279","page","type-page","status-publish","hentry"],"acf":[],"yoast_head":"<!-- This site is optimized with the Yoast SEO plugin v27.0 - https:\/\/yoast.com\/product\/yoast-seo-wordpress\/ -->\n<title>Godetevi il momento - nala individuellhotel! Das neue Stadthotel in Innsbruck<\/title>\n<meta name=\"robots\" content=\"index, follow, max-snippet:-1, max-image-preview:large, max-video-preview:-1\" \/>\n<link rel=\"canonical\" href=\"https:\/\/www.nala-hotel.at\/it\/details\/geniessen-sie-den-moment\/\" \/>\n<meta property=\"og:locale\" content=\"it_IT\" \/>\n<meta property=\"og:type\" content=\"article\" \/>\n<meta property=\"og:title\" content=\"Godetevi il momento - nala individuellhotel! Das neue Stadthotel in Innsbruck\" \/>\n<meta property=\"og:description\" content=\"Godetevi il momento. O anche un po&#8217; di pi\u00f9. Forse anche voi trovate che il tempo scorra sempre pi\u00f9 velocemente&#8230; allora NALA vi offre la provata opportunit\u00e0 di fermarvi un attimo. Perch\u00e9 in luoghi come questo siamo attratti dal piacere. Trovate il vostro posto preferito. Sul balcone della vostra camera, sulla terrazza sul tetto con... Mostra articolo\" \/>\n<meta property=\"og:url\" content=\"https:\/\/www.nala-hotel.at\/it\/details\/geniessen-sie-den-moment\/\" \/>\n<meta property=\"og:site_name\" content=\"nala individuellhotel! Das neue Stadthotel in Innsbruck\" \/>\n<meta property=\"article:publisher\" content=\"https:\/\/www.facebook.com\/NALAhotel\" \/>\n<meta property=\"article:modified_time\" content=\"2023-04-22T10:44:45+00:00\" \/>\n<meta name=\"twitter:label1\" content=\"Tempo di lettura stimato\" \/>\n\t<meta name=\"twitter:data1\" content=\"1 minuto\" \/>\n<script type=\"application\/ld+json\" class=\"yoast-schema-graph\">{\"@context\":\"https:\/\/schema.org\",\"@graph\":[{\"@type\":\"WebPage\",\"@id\":\"https:\/\/www.nala-hotel.at\/it\/details\/geniessen-sie-den-moment\/\",\"url\":\"https:\/\/www.nala-hotel.at\/it\/details\/geniessen-sie-den-moment\/\",\"name\":\"Godetevi il momento - nala individuellhotel! Das neue Stadthotel in Innsbruck\",\"isPartOf\":{\"@id\":\"https:\/\/www.nala-hotel.at\/#website\"},\"datePublished\":\"2015-11-14T15:40:08+00:00\",\"dateModified\":\"2023-04-22T10:44:45+00:00\",\"breadcrumb\":{\"@id\":\"https:\/\/www.nala-hotel.at\/it\/details\/geniessen-sie-den-moment\/#breadcrumb\"},\"inLanguage\":\"it-IT\",\"potentialAction\":[{\"@type\":\"ReadAction\",\"target\":[\"https:\/\/www.nala-hotel.at\/it\/details\/geniessen-sie-den-moment\/\"]}]},{\"@type\":\"BreadcrumbList\",\"@id\":\"https:\/\/www.nala-hotel.at\/it\/details\/geniessen-sie-den-moment\/#breadcrumb\",\"itemListElement\":[{\"@type\":\"ListItem\",\"position\":1,\"name\":\"Home\",\"item\":\"https:\/\/www.nala-hotel.at\/it\/\"},{\"@type\":\"ListItem\",\"position\":2,\"name\":\"Details\",\"item\":\"https:\/\/www.nala-hotel.at\/it\/details\/\"},{\"@type\":\"ListItem\",\"position\":3,\"name\":\"Godetevi il momento\"}]},{\"@type\":\"WebSite\",\"@id\":\"https:\/\/www.nala-hotel.at\/#website\",\"url\":\"https:\/\/www.nala-hotel.at\/\",\"name\":\"nala individuellhotel! Das neue Stadthotel in Innsbruck\",\"description\":\"Das neue nala Hotel individuell vereint Design und Business in Innsbruck, Tirol\",\"potentialAction\":[{\"@type\":\"SearchAction\",\"target\":{\"@type\":\"EntryPoint\",\"urlTemplate\":\"https:\/\/www.nala-hotel.at\/?s={search_term_string}\"},\"query-input\":{\"@type\":\"PropertyValueSpecification\",\"valueRequired\":true,\"valueName\":\"search_term_string\"}}],\"inLanguage\":\"it-IT\"}]}<\/script>\n<!-- \/ Yoast SEO plugin. -->","yoast_head_json":{"title":"Godetevi il momento - nala individuellhotel! Das neue Stadthotel in Innsbruck","robots":{"index":"index","follow":"follow","max-snippet":"max-snippet:-1","max-image-preview":"max-image-preview:large","max-video-preview":"max-video-preview:-1"},"canonical":"https:\/\/www.nala-hotel.at\/it\/details\/geniessen-sie-den-moment\/","og_locale":"it_IT","og_type":"article","og_title":"Godetevi il momento - nala individuellhotel! Das neue Stadthotel in Innsbruck","og_description":"Godetevi il momento. O anche un po&#8217; di pi\u00f9. Forse anche voi trovate che il tempo scorra sempre pi\u00f9 velocemente&#8230; allora NALA vi offre la provata opportunit\u00e0 di fermarvi un attimo. Perch\u00e9 in luoghi come questo siamo attratti dal piacere. Trovate il vostro posto preferito. Sul balcone della vostra camera, sulla terrazza sul tetto con... Mostra articolo","og_url":"https:\/\/www.nala-hotel.at\/it\/details\/geniessen-sie-den-moment\/","og_site_name":"nala individuellhotel! Das neue Stadthotel in Innsbruck","article_publisher":"https:\/\/www.facebook.com\/NALAhotel","article_modified_time":"2023-04-22T10:44:45+00:00","twitter_misc":{"Tempo di lettura stimato":"1 minuto"},"schema":{"@context":"https:\/\/schema.org","@graph":[{"@type":"WebPage","@id":"https:\/\/www.nala-hotel.at\/it\/details\/geniessen-sie-den-moment\/","url":"https:\/\/www.nala-hotel.at\/it\/details\/geniessen-sie-den-moment\/","name":"Godetevi il momento - nala individuellhotel! Das neue Stadthotel in Innsbruck","isPartOf":{"@id":"https:\/\/www.nala-hotel.at\/#website"},"datePublished":"2015-11-14T15:40:08+00:00","dateModified":"2023-04-22T10:44:45+00:00","breadcrumb":{"@id":"https:\/\/www.nala-hotel.at\/it\/details\/geniessen-sie-den-moment\/#breadcrumb"},"inLanguage":"it-IT","potentialAction":[{"@type":"ReadAction","target":["https:\/\/www.nala-hotel.at\/it\/details\/geniessen-sie-den-moment\/"]}]},{"@type":"BreadcrumbList","@id":"https:\/\/www.nala-hotel.at\/it\/details\/geniessen-sie-den-moment\/#breadcrumb","itemListElement":[{"@type":"ListItem","position":1,"name":"Home","item":"https:\/\/www.nala-hotel.at\/it\/"},{"@type":"ListItem","position":2,"name":"Details","item":"https:\/\/www.nala-hotel.at\/it\/details\/"},{"@type":"ListItem","position":3,"name":"Godetevi il momento"}]},{"@type":"WebSite","@id":"https:\/\/www.nala-hotel.at\/#website","url":"https:\/\/www.nala-hotel.at\/","name":"nala individuellhotel! Das neue Stadthotel in Innsbruck","description":"Das neue nala Hotel individuell vereint Design und Business in Innsbruck, Tirol","potentialAction":[{"@type":"SearchAction","target":{"@type":"EntryPoint","urlTemplate":"https:\/\/www.nala-hotel.at\/?s={search_term_string}"},"query-input":{"@type":"PropertyValueSpecification","valueRequired":true,"valueName":"search_term_string"}}],"inLanguage":"it-IT"}]}},"_links":{"self":[{"href":"https:\/\/www.nala-hotel.at\/it\/wp-json\/wp\/v2\/pages\/10279","targetHints":{"allow":["GET"]}}],"collection":[{"href":"https:\/\/www.nala-hotel.at\/it\/wp-json\/wp\/v2\/pages"}],"about":[{"href":"https:\/\/www.nala-hotel.at\/it\/wp-json\/wp\/v2\/types\/page"}],"author":[{"embeddable":true,"href":"https:\/\/www.nala-hotel.at\/it\/wp-json\/wp\/v2\/users\/2"}],"replies":[{"embeddable":true,"href":"https:\/\/www.nala-hotel.at\/it\/wp-json\/wp\/v2\/comments?post=10279"}],"version-history":[{"count":2,"href":"https:\/\/www.nala-hotel.at\/it\/wp-json\/wp\/v2\/pages\/10279\/revisions"}],"predecessor-version":[{"id":10281,"href":"https:\/\/www.nala-hotel.at\/it\/wp-json\/wp\/v2\/pages\/10279\/revisions\/10281"}],"up":[{"embeddable":true,"href":"https:\/\/www.nala-hotel.at\/it\/wp-json\/wp\/v2\/pages\/7672"}],"wp:attachment":[{"href":"https:\/\/www.nala-hotel.at\/it\/wp-json\/wp\/v2\/media?parent=10279"}],"curies":[{"name":"wp","href":"https:\/\/api.w.org\/{rel}","templated":true}]}}