{"id":10275,"date":"2015-11-19T15:29:42","date_gmt":"2015-11-19T13:29:42","guid":{"rendered":"https:\/\/www.nala-hotel.at\/details\/detailsfuer-businessreisende\/"},"modified":"2023-04-22T12:42:01","modified_gmt":"2023-04-22T10:42:01","slug":"detailsfuer-businessreisende","status":"publish","type":"page","link":"https:\/\/www.nala-hotel.at\/it\/details\/detailsfuer-businessreisende\/","title":{"rendered":"F\u00fcr Businessreisende"},"content":{"rendered":"<p><strong>Per chi viaggia per affari<\/strong><\/p>\n<p>Se amate il design e vi piace la vista sulla campagna quando lavorate, perch\u00e9 \u00e8 l\u00ec che scorrono le idee e le conversazioni&#8230; allora potreste essere proprio a NALA, work, &#8230;.<\/p>\n<p>La nostra business lounge \u00e8 attrezzata per riunioni fino a 10 persone, con beamer, WLan, lavagna a fogli mobili e tutto il necessario. La posizione tranquilla, la luce piacevole, la vista sul parco, il nostro servizio amichevole&#8230; tutto questo vi aiuta a essere creativi ed efficaci in tutta tranquillit\u00e0 e in un&#8217;atmosfera piacevole.<\/p>\n<p>Per chi lavora da solo: Le nostre sale business sono dotate di una scrivania e, in alcuni casi, anche della sedia ergonomica Offekt. Il lavoro \u00e8 cos\u00ec confortevole che vi verr\u00e0 voglia di fare un pisolino per continuare il processo creativo.<\/p>\n<p>E se preferite lavorare all&#8217;aperto: Sulla terrazza sul tetto, in giardino e nel nostro ristorante, potrete collegarvi senza problemi alla rete pi\u00f9 veloce della citt\u00e0.<\/p>\n","protected":false},"excerpt":{"rendered":"Per chi viaggia per affari Se amate il design e vi piace la vista sulla campagna quando lavorate, perch\u00e9 \u00e8 l\u00ec che scorrono le idee e le conversazioni&#8230; allora potreste essere proprio a NALA, work, &#8230;. La nostra business lounge \u00e8 attrezzata per riunioni fino a 10 persone, con beamer, WLan, lavagna a fogli mobili&#8230; <a class=\"view-article\" href=\"https:\/\/www.nala-hotel.at\/it\/details\/detailsfuer-businessreisende\/\">Mostra articolo<\/a>","protected":false},"author":2,"featured_media":0,"parent":7672,"menu_order":56,"comment_status":"closed","ping_status":"closed","template":"template-detail-2.php","meta":{"_acf_changed":false,"footnotes":""},"class_list":["post-10275","page","type-page","status-publish","hentry"],"acf":[],"yoast_head":"<!-- This site is optimized with the Yoast SEO plugin v27.0 - https:\/\/yoast.com\/product\/yoast-seo-wordpress\/ -->\n<title>F\u00fcr Businessreisende - nala individuellhotel! Das neue Stadthotel in Innsbruck<\/title>\n<meta name=\"robots\" content=\"index, follow, max-snippet:-1, max-image-preview:large, max-video-preview:-1\" \/>\n<link rel=\"canonical\" href=\"https:\/\/www.nala-hotel.at\/it\/details\/detailsfuer-businessreisende\/\" \/>\n<meta property=\"og:locale\" content=\"it_IT\" \/>\n<meta property=\"og:type\" content=\"article\" \/>\n<meta property=\"og:title\" content=\"F\u00fcr Businessreisende - nala individuellhotel! Das neue Stadthotel in Innsbruck\" \/>\n<meta property=\"og:description\" content=\"Per chi viaggia per affari Se amate il design e vi piace la vista sulla campagna quando lavorate, perch\u00e9 \u00e8 l\u00ec che scorrono le idee e le conversazioni&#8230; allora potreste essere proprio a NALA, work, &#8230;. La nostra business lounge \u00e8 attrezzata per riunioni fino a 10 persone, con beamer, WLan, lavagna a fogli mobili... Mostra articolo\" \/>\n<meta property=\"og:url\" content=\"https:\/\/www.nala-hotel.at\/it\/details\/detailsfuer-businessreisende\/\" \/>\n<meta property=\"og:site_name\" content=\"nala individuellhotel! Das neue Stadthotel in Innsbruck\" \/>\n<meta property=\"article:publisher\" content=\"https:\/\/www.facebook.com\/NALAhotel\" \/>\n<meta property=\"article:modified_time\" content=\"2023-04-22T10:42:01+00:00\" \/>\n<meta name=\"twitter:label1\" content=\"Tempo di lettura stimato\" \/>\n\t<meta name=\"twitter:data1\" content=\"1 minuto\" \/>\n<script type=\"application\/ld+json\" class=\"yoast-schema-graph\">{\"@context\":\"https:\/\/schema.org\",\"@graph\":[{\"@type\":\"WebPage\",\"@id\":\"https:\/\/www.nala-hotel.at\/it\/details\/detailsfuer-businessreisende\/\",\"url\":\"https:\/\/www.nala-hotel.at\/it\/details\/detailsfuer-businessreisende\/\",\"name\":\"F\u00fcr Businessreisende - nala individuellhotel! Das neue Stadthotel in Innsbruck\",\"isPartOf\":{\"@id\":\"https:\/\/www.nala-hotel.at\/#website\"},\"datePublished\":\"2015-11-19T13:29:42+00:00\",\"dateModified\":\"2023-04-22T10:42:01+00:00\",\"breadcrumb\":{\"@id\":\"https:\/\/www.nala-hotel.at\/it\/details\/detailsfuer-businessreisende\/#breadcrumb\"},\"inLanguage\":\"it-IT\",\"potentialAction\":[{\"@type\":\"ReadAction\",\"target\":[\"https:\/\/www.nala-hotel.at\/it\/details\/detailsfuer-businessreisende\/\"]}]},{\"@type\":\"BreadcrumbList\",\"@id\":\"https:\/\/www.nala-hotel.at\/it\/details\/detailsfuer-businessreisende\/#breadcrumb\",\"itemListElement\":[{\"@type\":\"ListItem\",\"position\":1,\"name\":\"Home\",\"item\":\"https:\/\/www.nala-hotel.at\/it\/\"},{\"@type\":\"ListItem\",\"position\":2,\"name\":\"Details\",\"item\":\"https:\/\/www.nala-hotel.at\/it\/details\/\"},{\"@type\":\"ListItem\",\"position\":3,\"name\":\"F\u00fcr Businessreisende\"}]},{\"@type\":\"WebSite\",\"@id\":\"https:\/\/www.nala-hotel.at\/#website\",\"url\":\"https:\/\/www.nala-hotel.at\/\",\"name\":\"nala individuellhotel! Das neue Stadthotel in Innsbruck\",\"description\":\"Das neue nala Hotel individuell vereint Design und Business in Innsbruck, Tirol\",\"potentialAction\":[{\"@type\":\"SearchAction\",\"target\":{\"@type\":\"EntryPoint\",\"urlTemplate\":\"https:\/\/www.nala-hotel.at\/?s={search_term_string}\"},\"query-input\":{\"@type\":\"PropertyValueSpecification\",\"valueRequired\":true,\"valueName\":\"search_term_string\"}}],\"inLanguage\":\"it-IT\"}]}<\/script>\n<!-- \/ Yoast SEO plugin. -->","yoast_head_json":{"title":"F\u00fcr Businessreisende - nala individuellhotel! Das neue Stadthotel in Innsbruck","robots":{"index":"index","follow":"follow","max-snippet":"max-snippet:-1","max-image-preview":"max-image-preview:large","max-video-preview":"max-video-preview:-1"},"canonical":"https:\/\/www.nala-hotel.at\/it\/details\/detailsfuer-businessreisende\/","og_locale":"it_IT","og_type":"article","og_title":"F\u00fcr Businessreisende - nala individuellhotel! Das neue Stadthotel in Innsbruck","og_description":"Per chi viaggia per affari Se amate il design e vi piace la vista sulla campagna quando lavorate, perch\u00e9 \u00e8 l\u00ec che scorrono le idee e le conversazioni&#8230; allora potreste essere proprio a NALA, work, &#8230;. La nostra business lounge \u00e8 attrezzata per riunioni fino a 10 persone, con beamer, WLan, lavagna a fogli mobili... Mostra articolo","og_url":"https:\/\/www.nala-hotel.at\/it\/details\/detailsfuer-businessreisende\/","og_site_name":"nala individuellhotel! Das neue Stadthotel in Innsbruck","article_publisher":"https:\/\/www.facebook.com\/NALAhotel","article_modified_time":"2023-04-22T10:42:01+00:00","twitter_misc":{"Tempo di lettura stimato":"1 minuto"},"schema":{"@context":"https:\/\/schema.org","@graph":[{"@type":"WebPage","@id":"https:\/\/www.nala-hotel.at\/it\/details\/detailsfuer-businessreisende\/","url":"https:\/\/www.nala-hotel.at\/it\/details\/detailsfuer-businessreisende\/","name":"F\u00fcr Businessreisende - nala individuellhotel! Das neue Stadthotel in Innsbruck","isPartOf":{"@id":"https:\/\/www.nala-hotel.at\/#website"},"datePublished":"2015-11-19T13:29:42+00:00","dateModified":"2023-04-22T10:42:01+00:00","breadcrumb":{"@id":"https:\/\/www.nala-hotel.at\/it\/details\/detailsfuer-businessreisende\/#breadcrumb"},"inLanguage":"it-IT","potentialAction":[{"@type":"ReadAction","target":["https:\/\/www.nala-hotel.at\/it\/details\/detailsfuer-businessreisende\/"]}]},{"@type":"BreadcrumbList","@id":"https:\/\/www.nala-hotel.at\/it\/details\/detailsfuer-businessreisende\/#breadcrumb","itemListElement":[{"@type":"ListItem","position":1,"name":"Home","item":"https:\/\/www.nala-hotel.at\/it\/"},{"@type":"ListItem","position":2,"name":"Details","item":"https:\/\/www.nala-hotel.at\/it\/details\/"},{"@type":"ListItem","position":3,"name":"F\u00fcr Businessreisende"}]},{"@type":"WebSite","@id":"https:\/\/www.nala-hotel.at\/#website","url":"https:\/\/www.nala-hotel.at\/","name":"nala individuellhotel! Das neue Stadthotel in Innsbruck","description":"Das neue nala Hotel individuell vereint Design und Business in Innsbruck, Tirol","potentialAction":[{"@type":"SearchAction","target":{"@type":"EntryPoint","urlTemplate":"https:\/\/www.nala-hotel.at\/?s={search_term_string}"},"query-input":{"@type":"PropertyValueSpecification","valueRequired":true,"valueName":"search_term_string"}}],"inLanguage":"it-IT"}]}},"_links":{"self":[{"href":"https:\/\/www.nala-hotel.at\/it\/wp-json\/wp\/v2\/pages\/10275","targetHints":{"allow":["GET"]}}],"collection":[{"href":"https:\/\/www.nala-hotel.at\/it\/wp-json\/wp\/v2\/pages"}],"about":[{"href":"https:\/\/www.nala-hotel.at\/it\/wp-json\/wp\/v2\/types\/page"}],"author":[{"embeddable":true,"href":"https:\/\/www.nala-hotel.at\/it\/wp-json\/wp\/v2\/users\/2"}],"replies":[{"embeddable":true,"href":"https:\/\/www.nala-hotel.at\/it\/wp-json\/wp\/v2\/comments?post=10275"}],"version-history":[{"count":1,"href":"https:\/\/www.nala-hotel.at\/it\/wp-json\/wp\/v2\/pages\/10275\/revisions"}],"predecessor-version":[{"id":10276,"href":"https:\/\/www.nala-hotel.at\/it\/wp-json\/wp\/v2\/pages\/10275\/revisions\/10276"}],"up":[{"embeddable":true,"href":"https:\/\/www.nala-hotel.at\/it\/wp-json\/wp\/v2\/pages\/7672"}],"wp:attachment":[{"href":"https:\/\/www.nala-hotel.at\/it\/wp-json\/wp\/v2\/media?parent=10275"}],"curies":[{"name":"wp","href":"https:\/\/api.w.org\/{rel}","templated":true}]}}