{"id":7303,"date":"2015-12-07T19:47:37","date_gmt":"2015-12-07T17:47:37","guid":{"rendered":"https:\/\/www.nala-hotel.at\/en\/geschichte-des-nala\/"},"modified":"2016-02-14T17:31:05","modified_gmt":"2016-02-14T15:31:05","slug":"geschichte-des-nala","status":"publish","type":"page","link":"https:\/\/www.nala-hotel.at\/en\/details\/geschichte-des-nala\/","title":{"rendered":"history of Nala"},"content":{"rendered":"<p><strong>The history of Nala<br \/>\n<\/strong><br \/>\nThe Nala is located at the intersection of M\u00fcllerstra\u00dfe and Glasmalereistra\u00dfe in Innsbruck\u00b4s city district Wilten. The neighborhood of the former stained glass factory is centrally located and quiet. It is the ideal place for an urban hotel.<\/p>\n<p>Around the turn of the century the house M\u00fcllerstra\u00dfe 15 was a residential and commercial building, which was destroyed by a bomb in World War II. After the war, the house was rebuilt by the new owners, the Rizzi family, in cooperation with the Tyrolean architect Ernst Hiesmayr and Otto Gruber. In this time the house was called &#8220;Hotel Mozart&#8221;.<\/p>\n<p>In the late 1950s Architect Haselwanter carried out further small modifications, for example, the installation of a lift and the renovation of the stairwell. In the 70s, then the courtyard side wing was enlarged. Then there was no more restructuring until 2013.<\/p>\n<p>As Armin Ennemoser and Dr. Martin Baldauf took over the Hotel Mozart in 2013, it was an old house in need of renovation, tainted with the charm and dust of the 70s.<\/p>\n<p>In the same year, the team of architects Armin Kathan, Bernd Ludin, Ferdinand Reiter and Martin Both were given the demanding contract for the construction and renovation of the building. The architects have developed modern and innovative hotel architecture. The old structure was deliberately obtained and extended by two floors. Through openings, remodeling and addition of stories a brand new hotel was built.<\/p>\n<p>The 57 rooms are structured rather small in the lower floors, in the upper ones they are spacious and extensively. Many craftsmen, artists and designers were involved in the interior design, lighting and furniture design as well as the corporate design. Through the input of many the Nala was finally made into what it is today &#8211; a house with an unconventional, sensual and versatile character.<br \/>\nThe NALA opened in September 2014.<\/p>\n","protected":false},"excerpt":{"rendered":"The history of Nala The Nala is located at the intersection of M\u00fcllerstra\u00dfe and Glasmalereistra\u00dfe in Innsbruck\u00b4s city district Wilten. The neighborhood of the former stained glass factory is centrally located and quiet. It is the ideal place for an urban hotel. Around the turn of the century the house M\u00fcllerstra\u00dfe 15 was a residential&#8230; <a class=\"view-article\" href=\"https:\/\/www.nala-hotel.at\/en\/details\/geschichte-des-nala\/\">View Article<\/a>","protected":false},"author":2,"featured_media":0,"parent":7671,"menu_order":64,"comment_status":"closed","ping_status":"closed","template":"template-detail-2.php","meta":{"_acf_changed":false,"footnotes":""},"class_list":["post-7303","page","type-page","status-publish","hentry"],"acf":[],"yoast_head":"<!-- This site is optimized with the Yoast SEO plugin v27.0 - https:\/\/yoast.com\/product\/yoast-seo-wordpress\/ -->\n<title>history of Nala - nala individuellhotel! Das neue Stadthotel in Innsbruck<\/title>\n<meta name=\"robots\" content=\"index, follow, max-snippet:-1, max-image-preview:large, max-video-preview:-1\" \/>\n<link rel=\"canonical\" href=\"https:\/\/www.nala-hotel.at\/en\/details\/geschichte-des-nala\/\" \/>\n<meta property=\"og:locale\" content=\"en_US\" \/>\n<meta property=\"og:type\" content=\"article\" \/>\n<meta property=\"og:title\" content=\"history of Nala - nala individuellhotel! Das neue Stadthotel in Innsbruck\" \/>\n<meta property=\"og:description\" content=\"The history of Nala The Nala is located at the intersection of M\u00fcllerstra\u00dfe and Glasmalereistra\u00dfe in Innsbruck\u00b4s city district Wilten. The neighborhood of the former stained glass factory is centrally located and quiet. It is the ideal place for an urban hotel. Around the turn of the century the house M\u00fcllerstra\u00dfe 15 was a residential... View Article\" \/>\n<meta property=\"og:url\" content=\"https:\/\/www.nala-hotel.at\/en\/details\/geschichte-des-nala\/\" \/>\n<meta property=\"og:site_name\" content=\"nala individuellhotel! Das neue Stadthotel in Innsbruck\" \/>\n<meta property=\"article:publisher\" content=\"https:\/\/www.facebook.com\/NALAhotel\" \/>\n<meta property=\"article:modified_time\" content=\"2016-02-14T15:31:05+00:00\" \/>\n<meta name=\"twitter:label1\" content=\"Est. reading time\" \/>\n\t<meta name=\"twitter:data1\" content=\"2 minutes\" \/>\n<script type=\"application\/ld+json\" class=\"yoast-schema-graph\">{\"@context\":\"https:\/\/schema.org\",\"@graph\":[{\"@type\":\"WebPage\",\"@id\":\"https:\/\/www.nala-hotel.at\/en\/details\/geschichte-des-nala\/\",\"url\":\"https:\/\/www.nala-hotel.at\/en\/details\/geschichte-des-nala\/\",\"name\":\"history of Nala - nala individuellhotel! Das neue Stadthotel in Innsbruck\",\"isPartOf\":{\"@id\":\"https:\/\/www.nala-hotel.at\/#website\"},\"datePublished\":\"2015-12-07T17:47:37+00:00\",\"dateModified\":\"2016-02-14T15:31:05+00:00\",\"breadcrumb\":{\"@id\":\"https:\/\/www.nala-hotel.at\/en\/details\/geschichte-des-nala\/#breadcrumb\"},\"inLanguage\":\"en-US\",\"potentialAction\":[{\"@type\":\"ReadAction\",\"target\":[\"https:\/\/www.nala-hotel.at\/en\/details\/geschichte-des-nala\/\"]}]},{\"@type\":\"BreadcrumbList\",\"@id\":\"https:\/\/www.nala-hotel.at\/en\/details\/geschichte-des-nala\/#breadcrumb\",\"itemListElement\":[{\"@type\":\"ListItem\",\"position\":1,\"name\":\"Home\",\"item\":\"https:\/\/www.nala-hotel.at\/en\/\"},{\"@type\":\"ListItem\",\"position\":2,\"name\":\"Details\",\"item\":\"https:\/\/www.nala-hotel.at\/en\/details\/\"},{\"@type\":\"ListItem\",\"position\":3,\"name\":\"history of Nala\"}]},{\"@type\":\"WebSite\",\"@id\":\"https:\/\/www.nala-hotel.at\/#website\",\"url\":\"https:\/\/www.nala-hotel.at\/\",\"name\":\"nala individuellhotel! Das neue Stadthotel in Innsbruck\",\"description\":\"Das neue nala Hotel individuell vereint Design und Business in Innsbruck, Tirol\",\"potentialAction\":[{\"@type\":\"SearchAction\",\"target\":{\"@type\":\"EntryPoint\",\"urlTemplate\":\"https:\/\/www.nala-hotel.at\/?s={search_term_string}\"},\"query-input\":{\"@type\":\"PropertyValueSpecification\",\"valueRequired\":true,\"valueName\":\"search_term_string\"}}],\"inLanguage\":\"en-US\"}]}<\/script>\n<!-- \/ Yoast SEO plugin. -->","yoast_head_json":{"title":"history of Nala - nala individuellhotel! Das neue Stadthotel in Innsbruck","robots":{"index":"index","follow":"follow","max-snippet":"max-snippet:-1","max-image-preview":"max-image-preview:large","max-video-preview":"max-video-preview:-1"},"canonical":"https:\/\/www.nala-hotel.at\/en\/details\/geschichte-des-nala\/","og_locale":"en_US","og_type":"article","og_title":"history of Nala - nala individuellhotel! Das neue Stadthotel in Innsbruck","og_description":"The history of Nala The Nala is located at the intersection of M\u00fcllerstra\u00dfe and Glasmalereistra\u00dfe in Innsbruck\u00b4s city district Wilten. The neighborhood of the former stained glass factory is centrally located and quiet. It is the ideal place for an urban hotel. Around the turn of the century the house M\u00fcllerstra\u00dfe 15 was a residential... View Article","og_url":"https:\/\/www.nala-hotel.at\/en\/details\/geschichte-des-nala\/","og_site_name":"nala individuellhotel! Das neue Stadthotel in Innsbruck","article_publisher":"https:\/\/www.facebook.com\/NALAhotel","article_modified_time":"2016-02-14T15:31:05+00:00","twitter_misc":{"Est. reading time":"2 minutes"},"schema":{"@context":"https:\/\/schema.org","@graph":[{"@type":"WebPage","@id":"https:\/\/www.nala-hotel.at\/en\/details\/geschichte-des-nala\/","url":"https:\/\/www.nala-hotel.at\/en\/details\/geschichte-des-nala\/","name":"history of Nala - nala individuellhotel! Das neue Stadthotel in Innsbruck","isPartOf":{"@id":"https:\/\/www.nala-hotel.at\/#website"},"datePublished":"2015-12-07T17:47:37+00:00","dateModified":"2016-02-14T15:31:05+00:00","breadcrumb":{"@id":"https:\/\/www.nala-hotel.at\/en\/details\/geschichte-des-nala\/#breadcrumb"},"inLanguage":"en-US","potentialAction":[{"@type":"ReadAction","target":["https:\/\/www.nala-hotel.at\/en\/details\/geschichte-des-nala\/"]}]},{"@type":"BreadcrumbList","@id":"https:\/\/www.nala-hotel.at\/en\/details\/geschichte-des-nala\/#breadcrumb","itemListElement":[{"@type":"ListItem","position":1,"name":"Home","item":"https:\/\/www.nala-hotel.at\/en\/"},{"@type":"ListItem","position":2,"name":"Details","item":"https:\/\/www.nala-hotel.at\/en\/details\/"},{"@type":"ListItem","position":3,"name":"history of Nala"}]},{"@type":"WebSite","@id":"https:\/\/www.nala-hotel.at\/#website","url":"https:\/\/www.nala-hotel.at\/","name":"nala individuellhotel! Das neue Stadthotel in Innsbruck","description":"Das neue nala Hotel individuell vereint Design und Business in Innsbruck, Tirol","potentialAction":[{"@type":"SearchAction","target":{"@type":"EntryPoint","urlTemplate":"https:\/\/www.nala-hotel.at\/?s={search_term_string}"},"query-input":{"@type":"PropertyValueSpecification","valueRequired":true,"valueName":"search_term_string"}}],"inLanguage":"en-US"}]}},"_links":{"self":[{"href":"https:\/\/www.nala-hotel.at\/en\/wp-json\/wp\/v2\/pages\/7303","targetHints":{"allow":["GET"]}}],"collection":[{"href":"https:\/\/www.nala-hotel.at\/en\/wp-json\/wp\/v2\/pages"}],"about":[{"href":"https:\/\/www.nala-hotel.at\/en\/wp-json\/wp\/v2\/types\/page"}],"author":[{"embeddable":true,"href":"https:\/\/www.nala-hotel.at\/en\/wp-json\/wp\/v2\/users\/2"}],"replies":[{"embeddable":true,"href":"https:\/\/www.nala-hotel.at\/en\/wp-json\/wp\/v2\/comments?post=7303"}],"version-history":[{"count":4,"href":"https:\/\/www.nala-hotel.at\/en\/wp-json\/wp\/v2\/pages\/7303\/revisions"}],"predecessor-version":[{"id":7713,"href":"https:\/\/www.nala-hotel.at\/en\/wp-json\/wp\/v2\/pages\/7303\/revisions\/7713"}],"up":[{"embeddable":true,"href":"https:\/\/www.nala-hotel.at\/en\/wp-json\/wp\/v2\/pages\/7671"}],"wp:attachment":[{"href":"https:\/\/www.nala-hotel.at\/en\/wp-json\/wp\/v2\/media?parent=7303"}],"curies":[{"name":"wp","href":"https:\/\/api.w.org\/{rel}","templated":true}]}}