{"id":7192,"date":"2016-01-18T13:55:37","date_gmt":"2016-01-18T11:55:37","guid":{"rendered":"https:\/\/www.nala-hotel.at\/en\/restaurant-beretta\/fruehstueck-neu\/"},"modified":"2026-02-09T16:59:08","modified_gmt":"2026-02-09T14:59:08","slug":"fruehstueck","status":"publish","type":"page","link":"https:\/\/www.nala-hotel.at\/en\/enrestaurant\/fruehstueck\/","title":{"rendered":"breakfast"},"content":{"rendered":"<p><strong>The NALA &#8211; Breakfast: for people who get up.<\/strong><\/p>\n<p>The NALA is proud of its exquisite breakfast buffet. It takes place at the our NALA bar &amp; restaurant from 06:30 to 11:00am (MO-FR). You can choose from our versions: Breakfast buffet (\u20ac 19 per person, \u20ac 25 for day-trippers).<\/p>\n<p>If you have less time during the week, you can also choose our &#8220;Small Breakfast&#8221;, with coffee or tea and croissant or for spicy breakfasters a roll with sausage and\/or cheese (for 12 \u20ac \/ person &#8211; Mon to Fri; not on weekends).<\/p>\n<p>Exclusive on Sun- and holidays, we offer you our famous Sunday-breakfast instead of the breakfast buffet. Here you can enjoy our big buffet from 07:00 to 12:00 (\u20ac 23 per person, \u20ac 32 for day-trippers).<\/p>\n<p>Please let us know, which one you would like to enjoy. Call us (+43 (0) 512 58 4444), or write us an <a href=\"mailto:info@nala-hotel.at\">E-Mail<\/a>, it is up to you!<\/p>\n","protected":false},"excerpt":{"rendered":"The NALA &#8211; Breakfast: for people who get up. The NALA is proud of its exquisite breakfast buffet. It takes place at the our NALA bar &amp; restaurant from 06:30 to 11:00am (MO-FR). You can choose from our versions: Breakfast buffet (\u20ac 19 per person, \u20ac 25 for day-trippers). If you have less time during&#8230; <a class=\"view-article\" href=\"https:\/\/www.nala-hotel.at\/en\/enrestaurant\/fruehstueck\/\">View Article<\/a>","protected":false},"author":2,"featured_media":0,"parent":8372,"menu_order":99,"comment_status":"closed","ping_status":"closed","template":"template-detail.php","meta":{"_acf_changed":false,"footnotes":""},"class_list":["post-7192","page","type-page","status-publish","hentry"],"acf":[],"yoast_head":"<!-- This site is optimized with the Yoast SEO plugin v27.0 - https:\/\/yoast.com\/product\/yoast-seo-wordpress\/ -->\n<title>Das NALA-Fr\u00fchst\u00fcck: F\u00fcr G\u00e4ste, die aufstehen.<\/title>\n<meta name=\"description\" content=\"Das Fr\u00fchst\u00fcck ist die wichtigste Mahlzeit am Tag. Genie\u00dfer werden f\u00fcndig in unserem reichhaltigen Fr\u00fchst\u00fccksbuffet. F\u00fcr den kleinen Hunger: Fr\u00fchst\u00fcck to go.\" \/>\n<meta name=\"robots\" content=\"index, follow, max-snippet:-1, max-image-preview:large, max-video-preview:-1\" \/>\n<link rel=\"canonical\" href=\"https:\/\/www.nala-hotel.at\/en\/enrestaurant\/fruehstueck\/\" \/>\n<meta property=\"og:locale\" content=\"en_US\" \/>\n<meta property=\"og:type\" content=\"article\" \/>\n<meta property=\"og:title\" content=\"Das NALA-Fr\u00fchst\u00fcck: F\u00fcr G\u00e4ste, die aufstehen.\" \/>\n<meta property=\"og:description\" content=\"Das Fr\u00fchst\u00fcck ist die wichtigste Mahlzeit am Tag. Genie\u00dfer werden f\u00fcndig in unserem reichhaltigen Fr\u00fchst\u00fccksbuffet. F\u00fcr den kleinen Hunger: Fr\u00fchst\u00fcck to go.\" \/>\n<meta property=\"og:url\" content=\"https:\/\/www.nala-hotel.at\/en\/enrestaurant\/fruehstueck\/\" \/>\n<meta property=\"og:site_name\" content=\"nala individuellhotel! Das neue Stadthotel in Innsbruck\" \/>\n<meta property=\"article:publisher\" content=\"https:\/\/www.facebook.com\/NALAhotel\" \/>\n<meta property=\"article:modified_time\" content=\"2026-02-09T14:59:08+00:00\" \/>\n<meta name=\"twitter:label1\" content=\"Est. reading time\" \/>\n\t<meta name=\"twitter:data1\" content=\"1 minute\" \/>\n<script type=\"application\/ld+json\" class=\"yoast-schema-graph\">{\"@context\":\"https:\/\/schema.org\",\"@graph\":[{\"@type\":\"WebPage\",\"@id\":\"https:\/\/www.nala-hotel.at\/en\/enrestaurant\/fruehstueck\/\",\"url\":\"https:\/\/www.nala-hotel.at\/en\/enrestaurant\/fruehstueck\/\",\"name\":\"Das NALA-Fr\u00fchst\u00fcck: F\u00fcr G\u00e4ste, die aufstehen.\",\"isPartOf\":{\"@id\":\"https:\/\/www.nala-hotel.at\/#website\"},\"datePublished\":\"2016-01-18T11:55:37+00:00\",\"dateModified\":\"2026-02-09T14:59:08+00:00\",\"description\":\"Das Fr\u00fchst\u00fcck ist die wichtigste Mahlzeit am Tag. Genie\u00dfer werden f\u00fcndig in unserem reichhaltigen Fr\u00fchst\u00fccksbuffet. F\u00fcr den kleinen Hunger: Fr\u00fchst\u00fcck to go.\",\"breadcrumb\":{\"@id\":\"https:\/\/www.nala-hotel.at\/en\/enrestaurant\/fruehstueck\/#breadcrumb\"},\"inLanguage\":\"en-US\",\"potentialAction\":[{\"@type\":\"ReadAction\",\"target\":[\"https:\/\/www.nala-hotel.at\/en\/enrestaurant\/fruehstueck\/\"]}]},{\"@type\":\"BreadcrumbList\",\"@id\":\"https:\/\/www.nala-hotel.at\/en\/enrestaurant\/fruehstueck\/#breadcrumb\",\"itemListElement\":[{\"@type\":\"ListItem\",\"position\":1,\"name\":\"Home\",\"item\":\"https:\/\/www.nala-hotel.at\/en\/\"},{\"@type\":\"ListItem\",\"position\":2,\"name\":\"living room\",\"item\":\"https:\/\/www.nala-hotel.at\/en\/enrestaurant\/\"},{\"@type\":\"ListItem\",\"position\":3,\"name\":\"breakfast\"}]},{\"@type\":\"WebSite\",\"@id\":\"https:\/\/www.nala-hotel.at\/#website\",\"url\":\"https:\/\/www.nala-hotel.at\/\",\"name\":\"nala individuellhotel! Das neue Stadthotel in Innsbruck\",\"description\":\"Das neue nala Hotel individuell vereint Design und Business in Innsbruck, Tirol\",\"potentialAction\":[{\"@type\":\"SearchAction\",\"target\":{\"@type\":\"EntryPoint\",\"urlTemplate\":\"https:\/\/www.nala-hotel.at\/?s={search_term_string}\"},\"query-input\":{\"@type\":\"PropertyValueSpecification\",\"valueRequired\":true,\"valueName\":\"search_term_string\"}}],\"inLanguage\":\"en-US\"}]}<\/script>\n<!-- \/ Yoast SEO plugin. -->","yoast_head_json":{"title":"Das NALA-Fr\u00fchst\u00fcck: F\u00fcr G\u00e4ste, die aufstehen.","description":"Das Fr\u00fchst\u00fcck ist die wichtigste Mahlzeit am Tag. Genie\u00dfer werden f\u00fcndig in unserem reichhaltigen Fr\u00fchst\u00fccksbuffet. F\u00fcr den kleinen Hunger: Fr\u00fchst\u00fcck to go.","robots":{"index":"index","follow":"follow","max-snippet":"max-snippet:-1","max-image-preview":"max-image-preview:large","max-video-preview":"max-video-preview:-1"},"canonical":"https:\/\/www.nala-hotel.at\/en\/enrestaurant\/fruehstueck\/","og_locale":"en_US","og_type":"article","og_title":"Das NALA-Fr\u00fchst\u00fcck: F\u00fcr G\u00e4ste, die aufstehen.","og_description":"Das Fr\u00fchst\u00fcck ist die wichtigste Mahlzeit am Tag. Genie\u00dfer werden f\u00fcndig in unserem reichhaltigen Fr\u00fchst\u00fccksbuffet. F\u00fcr den kleinen Hunger: Fr\u00fchst\u00fcck to go.","og_url":"https:\/\/www.nala-hotel.at\/en\/enrestaurant\/fruehstueck\/","og_site_name":"nala individuellhotel! Das neue Stadthotel in Innsbruck","article_publisher":"https:\/\/www.facebook.com\/NALAhotel","article_modified_time":"2026-02-09T14:59:08+00:00","twitter_misc":{"Est. reading time":"1 minute"},"schema":{"@context":"https:\/\/schema.org","@graph":[{"@type":"WebPage","@id":"https:\/\/www.nala-hotel.at\/en\/enrestaurant\/fruehstueck\/","url":"https:\/\/www.nala-hotel.at\/en\/enrestaurant\/fruehstueck\/","name":"Das NALA-Fr\u00fchst\u00fcck: F\u00fcr G\u00e4ste, die aufstehen.","isPartOf":{"@id":"https:\/\/www.nala-hotel.at\/#website"},"datePublished":"2016-01-18T11:55:37+00:00","dateModified":"2026-02-09T14:59:08+00:00","description":"Das Fr\u00fchst\u00fcck ist die wichtigste Mahlzeit am Tag. Genie\u00dfer werden f\u00fcndig in unserem reichhaltigen Fr\u00fchst\u00fccksbuffet. F\u00fcr den kleinen Hunger: Fr\u00fchst\u00fcck to go.","breadcrumb":{"@id":"https:\/\/www.nala-hotel.at\/en\/enrestaurant\/fruehstueck\/#breadcrumb"},"inLanguage":"en-US","potentialAction":[{"@type":"ReadAction","target":["https:\/\/www.nala-hotel.at\/en\/enrestaurant\/fruehstueck\/"]}]},{"@type":"BreadcrumbList","@id":"https:\/\/www.nala-hotel.at\/en\/enrestaurant\/fruehstueck\/#breadcrumb","itemListElement":[{"@type":"ListItem","position":1,"name":"Home","item":"https:\/\/www.nala-hotel.at\/en\/"},{"@type":"ListItem","position":2,"name":"living room","item":"https:\/\/www.nala-hotel.at\/en\/enrestaurant\/"},{"@type":"ListItem","position":3,"name":"breakfast"}]},{"@type":"WebSite","@id":"https:\/\/www.nala-hotel.at\/#website","url":"https:\/\/www.nala-hotel.at\/","name":"nala individuellhotel! Das neue Stadthotel in Innsbruck","description":"Das neue nala Hotel individuell vereint Design und Business in Innsbruck, Tirol","potentialAction":[{"@type":"SearchAction","target":{"@type":"EntryPoint","urlTemplate":"https:\/\/www.nala-hotel.at\/?s={search_term_string}"},"query-input":{"@type":"PropertyValueSpecification","valueRequired":true,"valueName":"search_term_string"}}],"inLanguage":"en-US"}]}},"_links":{"self":[{"href":"https:\/\/www.nala-hotel.at\/en\/wp-json\/wp\/v2\/pages\/7192","targetHints":{"allow":["GET"]}}],"collection":[{"href":"https:\/\/www.nala-hotel.at\/en\/wp-json\/wp\/v2\/pages"}],"about":[{"href":"https:\/\/www.nala-hotel.at\/en\/wp-json\/wp\/v2\/types\/page"}],"author":[{"embeddable":true,"href":"https:\/\/www.nala-hotel.at\/en\/wp-json\/wp\/v2\/users\/2"}],"replies":[{"embeddable":true,"href":"https:\/\/www.nala-hotel.at\/en\/wp-json\/wp\/v2\/comments?post=7192"}],"version-history":[{"count":30,"href":"https:\/\/www.nala-hotel.at\/en\/wp-json\/wp\/v2\/pages\/7192\/revisions"}],"predecessor-version":[{"id":11297,"href":"https:\/\/www.nala-hotel.at\/en\/wp-json\/wp\/v2\/pages\/7192\/revisions\/11297"}],"up":[{"embeddable":true,"href":"https:\/\/www.nala-hotel.at\/en\/wp-json\/wp\/v2\/pages\/8372"}],"wp:attachment":[{"href":"https:\/\/www.nala-hotel.at\/en\/wp-json\/wp\/v2\/media?parent=7192"}],"curies":[{"name":"wp","href":"https:\/\/api.w.org\/{rel}","templated":true}]}}